{"id":20,"date":"2023-08-21T22:37:54","date_gmt":"2023-08-21T20:37:54","guid":{"rendered":"https:\/\/fgtplomberie.fr\/?page_id=20"},"modified":"2023-11-04T17:58:32","modified_gmt":"2023-11-04T16:58:32","slug":"domaine-d-interventions","status":"publish","type":"page","link":"https:\/\/fgtplomberie.fr\/index.php\/domaine-d-interventions\/","title":{"rendered":"Domaines d&rsquo;interventions"},"content":{"rendered":"\t\t<div data-elementor-type=\"wp-page\" data-elementor-id=\"20\" class=\"elementor elementor-20\">\n\t\t\t\t\t\t<section class=\"elementor-section elementor-top-section elementor-element elementor-element-5e9ff90 elementor-section-boxed elementor-section-height-default elementor-section-height-default\" data-id=\"5e9ff90\" data-element_type=\"section\" data-e-type=\"section\">\n\t\t\t\t\t\t<div class=\"elementor-container elementor-column-gap-default\">\n\t\t\t\t\t<div class=\"elementor-column elementor-col-100 elementor-top-column elementor-element elementor-element-6e568aa\" data-id=\"6e568aa\" data-element_type=\"column\" data-e-type=\"column\">\n\t\t\t<div class=\"elementor-widget-wrap elementor-element-populated\">\n\t\t\t\t\t\t<div class=\"elementor-element elementor-element-e52cea3 elementor-widget elementor-widget-spacer\" data-id=\"e52cea3\" data-element_type=\"widget\" data-e-type=\"widget\" data-widget_type=\"spacer.default\">\n\t\t\t\t<div class=\"elementor-widget-container\">\n\t\t\t\t\t\t\t<div class=\"elementor-spacer\">\n\t\t\t<div class=\"elementor-spacer-inner\"><\/div>\n\t\t<\/div>\n\t\t\t\t\t\t<\/div>\n\t\t\t\t<\/div>\n\t\t\t\t\t<\/div>\n\t\t<\/div>\n\t\t\t\t\t<\/div>\n\t\t<\/section>\n\t\t\t\t<section class=\"elementor-section elementor-top-section elementor-element elementor-element-4bb970e elementor-section-boxed elementor-section-height-default elementor-section-height-default\" data-id=\"4bb970e\" data-element_type=\"section\" data-e-type=\"section\">\n\t\t\t\t\t\t<div class=\"elementor-container elementor-column-gap-default\">\n\t\t\t\t\t<div class=\"elementor-column elementor-col-100 elementor-top-column elementor-element elementor-element-0755d23\" data-id=\"0755d23\" data-element_type=\"column\" data-e-type=\"column\">\n\t\t\t<div class=\"elementor-widget-wrap elementor-element-populated\">\n\t\t\t\t\t\t<div class=\"elementor-element elementor-element-48b5d63 elementor-widget elementor-widget-heading\" data-id=\"48b5d63\" data-element_type=\"widget\" data-e-type=\"widget\" data-widget_type=\"heading.default\">\n\t\t\t\t<div class=\"elementor-widget-container\">\n\t\t\t\t\t<h1 class=\"elementor-heading-title elementor-size-default\">Domaine d'intervention<\/h1>\t\t\t\t<\/div>\n\t\t\t\t<\/div>\n\t\t\t\t<div class=\"elementor-element elementor-element-f85e5a8 elementor-widget elementor-widget-text-editor\" data-id=\"f85e5a8\" data-element_type=\"widget\" data-e-type=\"widget\" data-widget_type=\"text-editor.default\">\n\t\t\t\t<div class=\"elementor-widget-container\">\n\t\t\t\t\t\t\t\t\t<p>Artisan situ\u00e9 \u00e0 Lesquin, je vous propose mes services de professionnel de la salle de bains pour vous accompagner dans la d\u00e9finition et mise en oeuvre de celui-ci, pour une salle de bains de qualit\u00e9.<br \/><span style=\"text-decoration: underline;\">3 domaines d&rsquo;expertise.<br \/><\/span>De la simple douche au projet complet, je couvre votre besoin \u00e0 100%.<\/p>\t\t\t\t\t\t\t\t<\/div>\n\t\t\t\t<\/div>\n\t\t\t\t\t<\/div>\n\t\t<\/div>\n\t\t\t\t\t<\/div>\n\t\t<\/section>\n\t\t\t\t<section class=\"elementor-section elementor-top-section elementor-element elementor-element-8bddd7c animated-slow elementor-reverse-mobile elementor-section-boxed elementor-section-height-default elementor-section-height-default elementor-invisible\" data-id=\"8bddd7c\" data-element_type=\"section\" data-e-type=\"section\" data-settings=\"{&quot;animation&quot;:&quot;fadeIn&quot;}\">\n\t\t\t\t\t\t<div class=\"elementor-container elementor-column-gap-default\">\n\t\t\t\t\t<div class=\"elementor-column elementor-col-50 elementor-top-column elementor-element elementor-element-6b1dfcf\" data-id=\"6b1dfcf\" data-element_type=\"column\" data-e-type=\"column\">\n\t\t\t<div class=\"elementor-widget-wrap elementor-element-populated\">\n\t\t\t\t\t\t<div class=\"elementor-element elementor-element-a60b352 elementor-widget elementor-widget-heading\" data-id=\"a60b352\" data-element_type=\"widget\" data-e-type=\"widget\" data-widget_type=\"heading.default\">\n\t\t\t\t<div class=\"elementor-widget-container\">\n\t\t\t\t\t<h2 class=\"elementor-heading-title elementor-size-default\">Installation de douche<\/h2>\t\t\t\t<\/div>\n\t\t\t\t<\/div>\n\t\t\t\t<div class=\"elementor-element elementor-element-df4975d elementor-widget elementor-widget-text-editor\" data-id=\"df4975d\" data-element_type=\"widget\" data-e-type=\"widget\" data-widget_type=\"text-editor.default\">\n\t\t\t\t<div class=\"elementor-widget-container\">\n\t\t\t\t\t\t\t\t\t<p>Que vous souhaitiez simplement une pose de cabine de douche, une installation de douche italienne ou la cr\u00e9ation d\u2019une douche sur-mesure, je vous accompagne dans le choix des mat\u00e9riaux et r\u00e9alise le projet que vous souhaitez en toute autonomie.<\/p>\t\t\t\t\t\t\t\t<\/div>\n\t\t\t\t<\/div>\n\t\t\t\t<div class=\"elementor-element elementor-element-768638c elementor-mobile-align-center elementor-widget elementor-widget-button\" data-id=\"768638c\" data-element_type=\"widget\" data-e-type=\"widget\" data-widget_type=\"button.default\">\n\t\t\t\t<div class=\"elementor-widget-container\">\n\t\t\t\t\t\t\t\t\t<div class=\"elementor-button-wrapper\">\n\t\t\t\t\t<a class=\"elementor-button elementor-button-link elementor-size-sm elementor-animation-shrink\" href=\"https:\/\/fgtplomberie.fr\/index.php\/contact\/\">\n\t\t\t\t\t\t<span class=\"elementor-button-content-wrapper\">\n\t\t\t\t\t\t\t\t\t<span class=\"elementor-button-text\">Cliquez ici pour un devis gratuit<\/span>\n\t\t\t\t\t<\/span>\n\t\t\t\t\t<\/a>\n\t\t\t\t<\/div>\n\t\t\t\t\t\t\t\t<\/div>\n\t\t\t\t<\/div>\n\t\t\t\t\t<\/div>\n\t\t<\/div>\n\t\t\t\t<div class=\"elementor-column elementor-col-50 elementor-top-column elementor-element elementor-element-fa1ecfd\" data-id=\"fa1ecfd\" data-element_type=\"column\" data-e-type=\"column\">\n\t\t\t<div class=\"elementor-widget-wrap elementor-element-populated\">\n\t\t\t\t\t\t<div class=\"elementor-element elementor-element-2636149 elementor-widget elementor-widget-image\" data-id=\"2636149\" data-element_type=\"widget\" data-e-type=\"widget\" data-widget_type=\"image.default\">\n\t\t\t\t<div class=\"elementor-widget-container\">\n\t\t\t\t\t\t\t\t\t\t\t\t\t\t\t<img fetchpriority=\"high\" decoding=\"async\" width=\"575\" height=\"958\" src=\"https:\/\/fgtplomberie.fr\/wp-content\/uploads\/2023\/11\/IMG_20231025_16360z5-575x958.jpg\" class=\"attachment-botiga-big size-botiga-big wp-image-924\" alt=\"\" srcset=\"https:\/\/fgtplomberie.fr\/wp-content\/uploads\/2023\/11\/IMG_20231025_16360z5-575x958.jpg 575w, https:\/\/fgtplomberie.fr\/wp-content\/uploads\/2023\/11\/IMG_20231025_16360z5-180x300.jpg 180w, https:\/\/fgtplomberie.fr\/wp-content\/uploads\/2023\/11\/IMG_20231025_16360z5-614x1024.jpg 614w, https:\/\/fgtplomberie.fr\/wp-content\/uploads\/2023\/11\/IMG_20231025_16360z5-768x1280.jpg 768w, https:\/\/fgtplomberie.fr\/wp-content\/uploads\/2023\/11\/IMG_20231025_16360z5-922x1536.jpg 922w, https:\/\/fgtplomberie.fr\/wp-content\/uploads\/2023\/11\/IMG_20231025_16360z5-1229x2048.jpg 1229w, https:\/\/fgtplomberie.fr\/wp-content\/uploads\/2023\/11\/IMG_20231025_16360z5-1140x1900.jpg 1140w, https:\/\/fgtplomberie.fr\/wp-content\/uploads\/2023\/11\/IMG_20231025_16360z5-920x1533.jpg 920w, https:\/\/fgtplomberie.fr\/wp-content\/uploads\/2023\/11\/IMG_20231025_16360z5-380x633.jpg 380w, https:\/\/fgtplomberie.fr\/wp-content\/uploads\/2023\/11\/IMG_20231025_16360z5-scaled.jpg 1536w\" sizes=\"(max-width: 575px) 100vw, 575px\" \/>\t\t\t\t\t\t\t\t\t\t\t\t\t\t\t<\/div>\n\t\t\t\t<\/div>\n\t\t\t\t\t<\/div>\n\t\t<\/div>\n\t\t\t\t\t<\/div>\n\t\t<\/section>\n\t\t\t\t<section class=\"elementor-section elementor-top-section elementor-element elementor-element-e4b271d animated-slow elementor-section-boxed elementor-section-height-default elementor-section-height-default elementor-invisible\" data-id=\"e4b271d\" data-element_type=\"section\" data-e-type=\"section\" data-settings=\"{&quot;animation&quot;:&quot;fadeIn&quot;}\">\n\t\t\t\t\t\t<div class=\"elementor-container elementor-column-gap-default\">\n\t\t\t\t\t<div class=\"elementor-column elementor-col-50 elementor-top-column elementor-element elementor-element-8314ea4\" data-id=\"8314ea4\" data-element_type=\"column\" data-e-type=\"column\">\n\t\t\t<div class=\"elementor-widget-wrap elementor-element-populated\">\n\t\t\t\t\t\t<div class=\"elementor-element elementor-element-e2a4517 elementor-widget elementor-widget-image\" data-id=\"e2a4517\" data-element_type=\"widget\" data-e-type=\"widget\" data-widget_type=\"image.default\">\n\t\t\t\t<div class=\"elementor-widget-container\">\n\t\t\t\t\t\t\t\t\t\t\t\t\t\t\t<img decoding=\"async\" width=\"575\" height=\"385\" src=\"https:\/\/fgtplomberie.fr\/wp-content\/uploads\/2023\/09\/carreleur-travaillant-renovation-appartement-575x385.jpg\" class=\"attachment-botiga-big size-botiga-big wp-image-816\" alt=\"\" srcset=\"https:\/\/fgtplomberie.fr\/wp-content\/uploads\/2023\/09\/carreleur-travaillant-renovation-appartement-575x385.jpg 575w, https:\/\/fgtplomberie.fr\/wp-content\/uploads\/2023\/09\/carreleur-travaillant-renovation-appartement-300x201.jpg 300w, https:\/\/fgtplomberie.fr\/wp-content\/uploads\/2023\/09\/carreleur-travaillant-renovation-appartement-768x514.jpg 768w, https:\/\/fgtplomberie.fr\/wp-content\/uploads\/2023\/09\/carreleur-travaillant-renovation-appartement-920x615.jpg 920w, https:\/\/fgtplomberie.fr\/wp-content\/uploads\/2023\/09\/carreleur-travaillant-renovation-appartement-380x254.jpg 380w, https:\/\/fgtplomberie.fr\/wp-content\/uploads\/2023\/09\/carreleur-travaillant-renovation-appartement.jpg 1000w\" sizes=\"(max-width: 575px) 100vw, 575px\" \/>\t\t\t\t\t\t\t\t\t\t\t\t\t\t\t<\/div>\n\t\t\t\t<\/div>\n\t\t\t\t\t<\/div>\n\t\t<\/div>\n\t\t\t\t<div class=\"elementor-column elementor-col-50 elementor-top-column elementor-element elementor-element-e7de85c\" data-id=\"e7de85c\" data-element_type=\"column\" data-e-type=\"column\">\n\t\t\t<div class=\"elementor-widget-wrap elementor-element-populated\">\n\t\t\t\t\t\t<div class=\"elementor-element elementor-element-eb5c22f elementor-widget elementor-widget-heading\" data-id=\"eb5c22f\" data-element_type=\"widget\" data-e-type=\"widget\" data-widget_type=\"heading.default\">\n\t\t\t\t<div class=\"elementor-widget-container\">\n\t\t\t\t\t<h2 class=\"elementor-heading-title elementor-size-default\">R\u00e9novation des sols et murs, \u00e9lectricit\u00e9<\/h2>\t\t\t\t<\/div>\n\t\t\t\t<\/div>\n\t\t\t\t<div class=\"elementor-element elementor-element-ed6b7d7 elementor-widget elementor-widget-text-editor\" data-id=\"ed6b7d7\" data-element_type=\"widget\" data-e-type=\"widget\" data-widget_type=\"text-editor.default\">\n\t\t\t\t<div class=\"elementor-widget-container\">\n\t\t\t\t\t\t\t\t\t<p>Votre projet de salle de bains comprend une modification des sols ou des murs de celle-ci ? Que vous souhaitiez changer ou mettre du carrelage, installer du placo, r\u00e9enduire vos murs, peindre ou encore poser du parquet dans votre salle de bain, j\u2019estime avec vous vos besoins et r\u00e9alise la prestation. Je me charge \u00e9galement de la petite \u00e9lectricit\u00e9 comme ajouter un luminaire ou une prise pour que votre salle de bains soit exactement comme vous le d\u00e9sirez.<\/p>\t\t\t\t\t\t\t\t<\/div>\n\t\t\t\t<\/div>\n\t\t\t\t<div class=\"elementor-element elementor-element-e12b4bd elementor-mobile-align-center elementor-widget elementor-widget-button\" data-id=\"e12b4bd\" data-element_type=\"widget\" data-e-type=\"widget\" data-widget_type=\"button.default\">\n\t\t\t\t<div class=\"elementor-widget-container\">\n\t\t\t\t\t\t\t\t\t<div class=\"elementor-button-wrapper\">\n\t\t\t\t\t<a class=\"elementor-button elementor-button-link elementor-size-sm elementor-animation-shrink\" href=\"https:\/\/fgtplomberie.fr\/index.php\/contact\/\">\n\t\t\t\t\t\t<span class=\"elementor-button-content-wrapper\">\n\t\t\t\t\t\t\t\t\t<span class=\"elementor-button-text\">Cliquez ici pour un devis gratuit<\/span>\n\t\t\t\t\t<\/span>\n\t\t\t\t\t<\/a>\n\t\t\t\t<\/div>\n\t\t\t\t\t\t\t\t<\/div>\n\t\t\t\t<\/div>\n\t\t\t\t\t<\/div>\n\t\t<\/div>\n\t\t\t\t\t<\/div>\n\t\t<\/section>\n\t\t\t\t<section class=\"elementor-section elementor-top-section elementor-element elementor-element-baf2c95 animated-slow elementor-reverse-mobile elementor-section-boxed elementor-section-height-default elementor-section-height-default elementor-invisible\" data-id=\"baf2c95\" data-element_type=\"section\" data-e-type=\"section\" data-settings=\"{&quot;animation&quot;:&quot;fadeIn&quot;}\">\n\t\t\t\t\t\t<div class=\"elementor-container elementor-column-gap-default\">\n\t\t\t\t\t<div class=\"elementor-column elementor-col-50 elementor-top-column elementor-element elementor-element-ccf7629\" data-id=\"ccf7629\" data-element_type=\"column\" data-e-type=\"column\">\n\t\t\t<div class=\"elementor-widget-wrap elementor-element-populated\">\n\t\t\t\t\t\t<div class=\"elementor-element elementor-element-47e3816 elementor-widget elementor-widget-heading\" data-id=\"47e3816\" data-element_type=\"widget\" data-e-type=\"widget\" data-widget_type=\"heading.default\">\n\t\t\t\t<div class=\"elementor-widget-container\">\n\t\t\t\t\t<h2 class=\"elementor-heading-title elementor-size-default\">R\u00e9novation compl\u00e8te de la salle de bains<\/h2>\t\t\t\t<\/div>\n\t\t\t\t<\/div>\n\t\t\t\t<div class=\"elementor-element elementor-element-531a5e1 elementor-widget elementor-widget-text-editor\" data-id=\"531a5e1\" data-element_type=\"widget\" data-e-type=\"widget\" data-widget_type=\"text-editor.default\">\n\t\t\t\t<div class=\"elementor-widget-container\">\n\t\t\t\t\t\t\t\t\t<p>Vous souhaitez tout changer, qu\u2019il s\u2019agisse de la configuration, de la baignoire ou de la douche, des meubles, des murs et des sols ? En tant que professionnel, je vous accompagne dans votre r\u00e9flexion pour une salle de bains qui correspond parfaitement \u00e0 vos attentes.<\/p>\t\t\t\t\t\t\t\t<\/div>\n\t\t\t\t<\/div>\n\t\t\t\t<div class=\"elementor-element elementor-element-b499cd0 elementor-mobile-align-center elementor-widget elementor-widget-button\" data-id=\"b499cd0\" data-element_type=\"widget\" data-e-type=\"widget\" data-widget_type=\"button.default\">\n\t\t\t\t<div class=\"elementor-widget-container\">\n\t\t\t\t\t\t\t\t\t<div class=\"elementor-button-wrapper\">\n\t\t\t\t\t<a class=\"elementor-button elementor-button-link elementor-size-sm elementor-animation-shrink\" href=\"https:\/\/fgtplomberie.fr\/index.php\/contact\/\">\n\t\t\t\t\t\t<span class=\"elementor-button-content-wrapper\">\n\t\t\t\t\t\t\t\t\t<span class=\"elementor-button-text\">Cliquez ici pour un devis gratuit<\/span>\n\t\t\t\t\t<\/span>\n\t\t\t\t\t<\/a>\n\t\t\t\t<\/div>\n\t\t\t\t\t\t\t\t<\/div>\n\t\t\t\t<\/div>\n\t\t\t\t\t<\/div>\n\t\t<\/div>\n\t\t\t\t<div class=\"elementor-column elementor-col-50 elementor-top-column elementor-element elementor-element-21b5b15\" data-id=\"21b5b15\" data-element_type=\"column\" data-e-type=\"column\">\n\t\t\t<div class=\"elementor-widget-wrap elementor-element-populated\">\n\t\t\t\t\t\t<div class=\"elementor-element elementor-element-292943e elementor-widget elementor-widget-image\" data-id=\"292943e\" data-element_type=\"widget\" data-e-type=\"widget\" data-widget_type=\"image.default\">\n\t\t\t\t<div class=\"elementor-widget-container\">\n\t\t\t\t\t\t\t\t\t\t\t\t\t\t\t<img decoding=\"async\" width=\"575\" height=\"767\" src=\"https:\/\/fgtplomberie.fr\/wp-content\/uploads\/2023\/11\/IMG_20231104_151757-575x767.jpg\" class=\"attachment-botiga-big size-botiga-big wp-image-913\" alt=\"\" srcset=\"https:\/\/fgtplomberie.fr\/wp-content\/uploads\/2023\/11\/IMG_20231104_151757-575x767.jpg 575w, https:\/\/fgtplomberie.fr\/wp-content\/uploads\/2023\/11\/IMG_20231104_151757-225x300.jpg 225w, https:\/\/fgtplomberie.fr\/wp-content\/uploads\/2023\/11\/IMG_20231104_151757-768x1024.jpg 768w, https:\/\/fgtplomberie.fr\/wp-content\/uploads\/2023\/11\/IMG_20231104_151757-1152x1536.jpg 1152w, https:\/\/fgtplomberie.fr\/wp-content\/uploads\/2023\/11\/IMG_20231104_151757-1536x2048.jpg 1536w, https:\/\/fgtplomberie.fr\/wp-content\/uploads\/2023\/11\/IMG_20231104_151757-1140x1520.jpg 1140w, https:\/\/fgtplomberie.fr\/wp-content\/uploads\/2023\/11\/IMG_20231104_151757-920x1227.jpg 920w, https:\/\/fgtplomberie.fr\/wp-content\/uploads\/2023\/11\/IMG_20231104_151757-380x507.jpg 380w, https:\/\/fgtplomberie.fr\/wp-content\/uploads\/2023\/11\/IMG_20231104_151757-scaled.jpg 1920w\" sizes=\"(max-width: 575px) 100vw, 575px\" \/>\t\t\t\t\t\t\t\t\t\t\t\t\t\t\t<\/div>\n\t\t\t\t<\/div>\n\t\t\t\t\t<\/div>\n\t\t<\/div>\n\t\t\t\t\t<\/div>\n\t\t<\/section>\n\t\t\t\t<section class=\"elementor-section elementor-top-section elementor-element elementor-element-7c61f63 elementor-section-boxed elementor-section-height-default elementor-section-height-default\" data-id=\"7c61f63\" data-element_type=\"section\" data-e-type=\"section\">\n\t\t\t\t\t\t<div class=\"elementor-container elementor-column-gap-default\">\n\t\t\t\t\t<div class=\"elementor-column elementor-col-100 elementor-top-column elementor-element elementor-element-0e0713f\" data-id=\"0e0713f\" data-element_type=\"column\" data-e-type=\"column\">\n\t\t\t<div class=\"elementor-widget-wrap elementor-element-populated\">\n\t\t\t\t\t\t<div class=\"elementor-element elementor-element-bcfdaae elementor-widget elementor-widget-spacer\" data-id=\"bcfdaae\" data-element_type=\"widget\" data-e-type=\"widget\" data-widget_type=\"spacer.default\">\n\t\t\t\t<div class=\"elementor-widget-container\">\n\t\t\t\t\t\t\t<div class=\"elementor-spacer\">\n\t\t\t<div class=\"elementor-spacer-inner\"><\/div>\n\t\t<\/div>\n\t\t\t\t\t\t<\/div>\n\t\t\t\t<\/div>\n\t\t\t\t\t<\/div>\n\t\t<\/div>\n\t\t\t\t\t<\/div>\n\t\t<\/section>\n\t\t\t\t<section class=\"elementor-section elementor-top-section elementor-element elementor-element-a8940cb animated-slow elementor-section-boxed elementor-section-height-default elementor-section-height-default elementor-invisible\" data-id=\"a8940cb\" data-element_type=\"section\" data-e-type=\"section\" data-settings=\"{&quot;animation&quot;:&quot;fadeIn&quot;}\">\n\t\t\t\t\t\t<div class=\"elementor-container elementor-column-gap-default\">\n\t\t\t\t\t<div class=\"elementor-column elementor-col-100 elementor-top-column elementor-element elementor-element-655c505\" data-id=\"655c505\" data-element_type=\"column\" data-e-type=\"column\">\n\t\t\t<div class=\"elementor-widget-wrap elementor-element-populated\">\n\t\t\t\t\t\t<div class=\"elementor-element elementor-element-2c6f991 elementor-widget elementor-widget-menu-anchor\" data-id=\"2c6f991\" data-element_type=\"widget\" data-e-type=\"widget\" data-widget_type=\"menu-anchor.default\">\n\t\t\t\t<div class=\"elementor-widget-container\">\n\t\t\t\t\t\t\t<div class=\"elementor-menu-anchor\" id=\"partenaires\"><\/div>\n\t\t\t\t\t\t<\/div>\n\t\t\t\t<\/div>\n\t\t\t\t<div class=\"elementor-element elementor-element-f2a2fef elementor-widget elementor-widget-heading\" data-id=\"f2a2fef\" data-element_type=\"widget\" data-e-type=\"widget\" data-widget_type=\"heading.default\">\n\t\t\t\t<div class=\"elementor-widget-container\">\n\t\t\t\t\t<h1 class=\"elementor-heading-title elementor-size-default\">Mes partenaires<\/h1>\t\t\t\t<\/div>\n\t\t\t\t<\/div>\n\t\t\t\t<div class=\"elementor-element elementor-element-4f2e61d elementor-widget elementor-widget-text-editor\" data-id=\"4f2e61d\" data-element_type=\"widget\" data-e-type=\"widget\" data-widget_type=\"text-editor.default\">\n\t\t\t\t<div class=\"elementor-widget-container\">\n\t\t\t\t\t\t\t\t\t<p>En qualit\u00e9 de professionnel, je travaille avec divers prestataires dont voici les plus importants :<\/p>\t\t\t\t\t\t\t\t<\/div>\n\t\t\t\t<\/div>\n\t\t\t\t\t<\/div>\n\t\t<\/div>\n\t\t\t\t\t<\/div>\n\t\t<\/section>\n\t\t\t\t<section class=\"elementor-section elementor-top-section elementor-element elementor-element-a102dc7 animated-slow elementor-section-boxed elementor-section-height-default elementor-section-height-default elementor-invisible\" data-id=\"a102dc7\" data-element_type=\"section\" data-e-type=\"section\" data-settings=\"{&quot;animation&quot;:&quot;fadeIn&quot;}\">\n\t\t\t\t\t\t<div class=\"elementor-container elementor-column-gap-default\">\n\t\t\t\t\t<div class=\"elementor-column elementor-col-33 elementor-top-column elementor-element elementor-element-2ed437b\" data-id=\"2ed437b\" data-element_type=\"column\" data-e-type=\"column\">\n\t\t\t<div class=\"elementor-widget-wrap elementor-element-populated\">\n\t\t\t\t\t\t<div class=\"elementor-element elementor-element-b17d7aa elementor-widget elementor-widget-image\" data-id=\"b17d7aa\" data-element_type=\"widget\" data-e-type=\"widget\" data-widget_type=\"image.default\">\n\t\t\t\t<div class=\"elementor-widget-container\">\n\t\t\t\t\t\t\t\t\t\t\t\t\t\t\t<img loading=\"lazy\" decoding=\"async\" width=\"168\" height=\"110\" src=\"https:\/\/fgtplomberie.fr\/wp-content\/uploads\/2023\/08\/logo1.png\" class=\"attachment-large size-large wp-image-271\" alt=\"\" \/>\t\t\t\t\t\t\t\t\t\t\t\t\t\t\t<\/div>\n\t\t\t\t<\/div>\n\t\t\t\t<div class=\"elementor-element elementor-element-fae8163 elementor-widget elementor-widget-text-editor\" data-id=\"fae8163\" data-element_type=\"widget\" data-e-type=\"widget\" data-widget_type=\"text-editor.default\">\n\t\t\t\t<div class=\"elementor-widget-container\">\n\t\t\t\t\t\t\t\t\t<p>Partenaire de Leroy Merlin, j\u2019interviens sur les chantiers des clients du magasin qui souhaitent un artisan professionnel et un partenaire de confiance.<\/p>\t\t\t\t\t\t\t\t<\/div>\n\t\t\t\t<\/div>\n\t\t\t\t\t<\/div>\n\t\t<\/div>\n\t\t\t\t<div class=\"elementor-column elementor-col-33 elementor-top-column elementor-element elementor-element-43e4c7c\" data-id=\"43e4c7c\" data-element_type=\"column\" data-e-type=\"column\">\n\t\t\t<div class=\"elementor-widget-wrap elementor-element-populated\">\n\t\t\t\t\t\t<div class=\"elementor-element elementor-element-898b7c3 elementor-widget elementor-widget-image\" data-id=\"898b7c3\" data-element_type=\"widget\" data-e-type=\"widget\" data-widget_type=\"image.default\">\n\t\t\t\t<div class=\"elementor-widget-container\">\n\t\t\t\t\t\t\t\t\t\t\t\t\t\t\t<img loading=\"lazy\" decoding=\"async\" width=\"368\" height=\"110\" src=\"https:\/\/fgtplomberie.fr\/wp-content\/uploads\/2023\/08\/logo2.png\" class=\"attachment-large size-large wp-image-272\" alt=\"\" srcset=\"https:\/\/fgtplomberie.fr\/wp-content\/uploads\/2023\/08\/logo2.png 368w, https:\/\/fgtplomberie.fr\/wp-content\/uploads\/2023\/08\/logo2-300x90.png 300w\" sizes=\"(max-width: 368px) 100vw, 368px\" \/>\t\t\t\t\t\t\t\t\t\t\t\t\t\t\t<\/div>\n\t\t\t\t<\/div>\n\t\t\t\t<div class=\"elementor-element elementor-element-f7eeeeb elementor-widget elementor-widget-text-editor\" data-id=\"f7eeeeb\" data-element_type=\"widget\" data-e-type=\"widget\" data-widget_type=\"text-editor.default\">\n\t\t\t\t<div class=\"elementor-widget-container\">\n\t\t\t\t\t\t\t\t\t<p>Fournisseurs de mes mati\u00e8res premi\u00e8res, il s\u2019agit d\u2019entreprises reconnues dans le domaine de la plomberie, et sont gages de qualit\u00e9.<\/p>\t\t\t\t\t\t\t\t<\/div>\n\t\t\t\t<\/div>\n\t\t\t\t\t<\/div>\n\t\t<\/div>\n\t\t\t\t<div class=\"elementor-column elementor-col-33 elementor-top-column elementor-element elementor-element-1a5c10f\" data-id=\"1a5c10f\" data-element_type=\"column\" data-e-type=\"column\">\n\t\t\t<div class=\"elementor-widget-wrap elementor-element-populated\">\n\t\t\t\t\t\t<div class=\"elementor-element elementor-element-e028aaa elementor-widget elementor-widget-image\" data-id=\"e028aaa\" data-element_type=\"widget\" data-e-type=\"widget\" data-widget_type=\"image.default\">\n\t\t\t\t<div class=\"elementor-widget-container\">\n\t\t\t\t\t\t\t\t\t\t\t\t\t\t\t<img loading=\"lazy\" decoding=\"async\" width=\"99\" height=\"110\" src=\"https:\/\/fgtplomberie.fr\/wp-content\/uploads\/2023\/08\/logo3.png\" class=\"attachment-large size-large wp-image-273\" alt=\"\" \/>\t\t\t\t\t\t\t\t\t\t\t\t\t\t\t<\/div>\n\t\t\t\t<\/div>\n\t\t\t\t<div class=\"elementor-element elementor-element-d366316 elementor-widget elementor-widget-text-editor\" data-id=\"d366316\" data-element_type=\"widget\" data-e-type=\"widget\" data-widget_type=\"text-editor.default\">\n\t\t\t\t<div class=\"elementor-widget-container\">\n\t\t\t\t\t\t\t\t\t<p>En qualit\u00e9 de professionnel, je travaille en r\u00e9seau avec divers artisans de plomberie sp\u00e9cialis\u00e9s.<\/p>\t\t\t\t\t\t\t\t<\/div>\n\t\t\t\t<\/div>\n\t\t\t\t\t<\/div>\n\t\t<\/div>\n\t\t\t\t\t<\/div>\n\t\t<\/section>\n\t\t\t\t<\/div>\n\t\t","protected":false},"excerpt":{"rendered":"<p>Domaine d&rsquo;intervention Artisan situ\u00e9 \u00e0 Lesquin, je vous propose mes services de professionnel de la salle de bains pour vous accompagner dans la d\u00e9finition et mise en oeuvre de celui-ci, [&hellip;]<\/p>\n","protected":false},"author":1,"featured_media":0,"parent":0,"menu_order":0,"comment_status":"closed","ping_status":"closed","template":"","meta":{"footnotes":""},"class_list":["post-20","page","type-page","status-publish","hentry"],"_links":{"self":[{"href":"https:\/\/fgtplomberie.fr\/index.php\/wp-json\/wp\/v2\/pages\/20","targetHints":{"allow":["GET"]}}],"collection":[{"href":"https:\/\/fgtplomberie.fr\/index.php\/wp-json\/wp\/v2\/pages"}],"about":[{"href":"https:\/\/fgtplomberie.fr\/index.php\/wp-json\/wp\/v2\/types\/page"}],"author":[{"embeddable":true,"href":"https:\/\/fgtplomberie.fr\/index.php\/wp-json\/wp\/v2\/users\/1"}],"replies":[{"embeddable":true,"href":"https:\/\/fgtplomberie.fr\/index.php\/wp-json\/wp\/v2\/comments?post=20"}],"version-history":[{"count":72,"href":"https:\/\/fgtplomberie.fr\/index.php\/wp-json\/wp\/v2\/pages\/20\/revisions"}],"predecessor-version":[{"id":931,"href":"https:\/\/fgtplomberie.fr\/index.php\/wp-json\/wp\/v2\/pages\/20\/revisions\/931"}],"wp:attachment":[{"href":"https:\/\/fgtplomberie.fr\/index.php\/wp-json\/wp\/v2\/media?parent=20"}],"curies":[{"name":"wp","href":"https:\/\/api.w.org\/{rel}","templated":true}]}}