{"id":3,"date":"2023-08-19T14:03:40","date_gmt":"2023-08-19T12:03:40","guid":{"rendered":"http:\/\/fgtplomberie.fr\/?page_id=3"},"modified":"2023-08-23T22:27:26","modified_gmt":"2023-08-23T20:27:26","slug":"mentions-legales","status":"publish","type":"page","link":"https:\/\/fgtplomberie.fr\/index.php\/mentions-legales\/","title":{"rendered":"Mentions l\u00e9gales"},"content":{"rendered":"\t\t<div data-elementor-type=\"wp-page\" data-elementor-id=\"3\" class=\"elementor elementor-3\">\n\t\t\t\t\t\t<section class=\"elementor-section elementor-top-section elementor-element elementor-element-70f160bf elementor-section-boxed elementor-section-height-default elementor-section-height-default\" data-id=\"70f160bf\" data-element_type=\"section\" data-e-type=\"section\">\n\t\t\t\t\t\t<div class=\"elementor-container elementor-column-gap-default\">\n\t\t\t\t\t<div class=\"elementor-column elementor-col-100 elementor-top-column elementor-element elementor-element-14fa6e90\" data-id=\"14fa6e90\" data-element_type=\"column\" data-e-type=\"column\">\n\t\t\t<div class=\"elementor-widget-wrap elementor-element-populated\">\n\t\t\t\t\t\t<div class=\"elementor-element elementor-element-6492c360 elementor-widget elementor-widget-text-editor\" data-id=\"6492c360\" data-element_type=\"widget\" data-e-type=\"widget\" data-widget_type=\"text-editor.default\">\n\t\t\t\t<div class=\"elementor-widget-container\">\n\t\t\t\t\t\t\t\t\t<div>\n<div>\n<div>\n<h2><span style=\"font-weight: normal;\">Mentions L\u00e9gales<\/span><\/h2>\n<p><strong>1. Informations g\u00e9n\u00e9rales<\/strong><br>Raison sociale : FGT Plomberie<br>Statut juridique : Soci\u00e9t\u00e9 \u00e0 responsabilit\u00e9 limit\u00e9e (sans autre indication)<br>Adresse : <span dir=\"ltr\" role=\"presentation\">2 rue G\u00e9rard Pelisson <\/span><span dir=\"ltr\" role=\"presentation\">59810 LESQUIN<\/span><br>T\u00e9l\u00e9phone : 07 69 61 46 33<br>Email : fgtplomberie@gmail.com<br>SIRET : 91169925400015<br>TVA intracommunautaire : <span dir=\"ltr\" role=\"presentation\">FR26911699254<\/span><\/p>\n<p><strong>2. Responsable de la publication<\/strong><br>Nom : Nicolas FAGET<br>Fonction : Dirigeant<br>Adresse : <span dir=\"ltr\" role=\"presentation\">2 rue G\u00e9rard Pelisson <\/span><span dir=\"ltr\" role=\"presentation\">59810 LESQUIN<\/span><br>T\u00e9l\u00e9phone : 07 69 61 46 33<br>Email : fgtplomberie@gmail.com<\/p>\n<p><strong>3. H\u00e9bergement<\/strong><br>Nom de l&rsquo;h\u00e9bergeur : OVH<br>Adresse : <span lang=\"fr\">2 rue Kellermann \u2013 BP 80157 59053 ROUBAIX CEDEX 1<\/span><br>T\u00e9l\u00e9phone : 09 72 10 10 07<br><\/p>\n<p><strong>4. Propri\u00e9t\u00e9 intellectuelle<\/strong><br>Le contenu du site, incluant les textes, images, vid\u00e9os et autres \u00e9l\u00e9ments, est prot\u00e9g\u00e9 par les lois sur la propri\u00e9t\u00e9 intellectuelle. Toute reproduction, distribution ou utilisation sans autorisation \u00e9crite de FGT Plomberie est strictement interdite.<\/p>\n<p><strong>5. Donn\u00e9es personnelles<\/strong><br>Les donn\u00e9es personnelles collect\u00e9es sur ce site sont utilis\u00e9es uniquement dans le cadre des services propos\u00e9s par FGT Plomberie. Vous disposez d&rsquo;un droit d&rsquo;acc\u00e8s, de rectification et de suppression de vos donn\u00e9es en contactant [adresse e-mail de contact].<\/p>\n<p><strong>6. Cookies<\/strong><br>Ce site peut utiliser des cookies pour am\u00e9liorer l&rsquo;exp\u00e9rience de navigation. Vous pouvez param\u00e9trer votre navigateur pour d\u00e9sactiver les cookies.<\/p>\n<p><strong>7. Liens externes<\/strong><br>Ce site peut contenir des liens vers des sites externes. FGT Plomberie ne peut pas \u00eatre tenu responsable du contenu ou des pratiques de ces sites.<\/p>\n<p><strong>8. Limitation de responsabilit\u00e9<\/strong><br>FGT Plomberie s&rsquo;efforce de fournir des informations pr\u00e9cises sur ce site, mais ne peut garantir leur exhaustivit\u00e9 ou leur exactitude. En cons\u00e9quence, FGT Plomberie ne peut \u00eatre tenu responsable des \u00e9ventuels pr\u00e9judices r\u00e9sultant de l&rsquo;utilisation de ces informations.<\/p>\n<p><strong>9. Juridiction comp\u00e9tente<\/strong><br>En cas de litige, le droit applicable est le droit fran\u00e7ais et la juridiction comp\u00e9tente est le tribunal de [ville du tribunal comp\u00e9tent].<\/p>\n<p>Ces mentions l\u00e9gales sont susceptibles d&rsquo;\u00eatre mises \u00e0 jour, veuillez les consulter r\u00e9guli\u00e8rement pour rester inform\u00e9 des \u00e9ventuelles modifications. Derni\u00e8re mise \u00e0 jour : 28\/08\/2023<\/p>\n<\/div>\n<\/div>\n<\/div>\n<p>FGT Plomberie<br><\/p>\t\t\t\t\t\t\t\t<\/div>\n\t\t\t\t<\/div>\n\t\t\t\t\t<\/div>\n\t\t<\/div>\n\t\t\t\t\t<\/div>\n\t\t<\/section>\n\t\t\t\t<\/div>\n\t\t","protected":false},"excerpt":{"rendered":"<p>Mentions L\u00e9gales 1. Informations g\u00e9n\u00e9ralesRaison sociale : FGT PlomberieStatut juridique : Soci\u00e9t\u00e9 \u00e0 responsabilit\u00e9 limit\u00e9e (sans autre indication)Adresse : 2 rue G\u00e9rard Pelisson 59810 LESQUINT\u00e9l\u00e9phone : 07 69 61 46 [&hellip;]<\/p>\n","protected":false},"author":1,"featured_media":0,"parent":0,"menu_order":0,"comment_status":"closed","ping_status":"closed","template":"","meta":{"footnotes":""},"class_list":["post-3","page","type-page","status-publish","hentry"],"_links":{"self":[{"href":"https:\/\/fgtplomberie.fr\/index.php\/wp-json\/wp\/v2\/pages\/3","targetHints":{"allow":["GET"]}}],"collection":[{"href":"https:\/\/fgtplomberie.fr\/index.php\/wp-json\/wp\/v2\/pages"}],"about":[{"href":"https:\/\/fgtplomberie.fr\/index.php\/wp-json\/wp\/v2\/types\/page"}],"author":[{"embeddable":true,"href":"https:\/\/fgtplomberie.fr\/index.php\/wp-json\/wp\/v2\/users\/1"}],"replies":[{"embeddable":true,"href":"https:\/\/fgtplomberie.fr\/index.php\/wp-json\/wp\/v2\/comments?post=3"}],"version-history":[{"count":13,"href":"https:\/\/fgtplomberie.fr\/index.php\/wp-json\/wp\/v2\/pages\/3\/revisions"}],"predecessor-version":[{"id":353,"href":"https:\/\/fgtplomberie.fr\/index.php\/wp-json\/wp\/v2\/pages\/3\/revisions\/353"}],"wp:attachment":[{"href":"https:\/\/fgtplomberie.fr\/index.php\/wp-json\/wp\/v2\/media?parent=3"}],"curies":[{"name":"wp","href":"https:\/\/api.w.org\/{rel}","templated":true}]}}